{"id":6097,"date":"2024-03-26T19:20:28","date_gmt":"2024-03-26T19:20:28","guid":{"rendered":"https:\/\/araujo-1-work.colibriwp.com\/my-awesome-site-1\/?page_id=6097"},"modified":"2024-05-20T18:49:39","modified_gmt":"2024-05-20T18:49:39","slug":"orcamento","status":"publish","type":"page","link":"https:\/\/ecadastros.com.br\/en\/orcamento\/","title":{"rendered":"Or\u00e7amento"},"content":{"rendered":"<div data-colibri-id=\"6097-c1\" class=\"style-1694 style-local-6097-c1 position-relative\">\r\n  <!---->\r\n  <div data-colibri-component=\"section\" data-colibri-id=\"6097-c2\" id=\"reusable-sections\" class=\"h-section h-section-global-spacing d-flex align-items-lg-center align-items-md-center align-items-center style-1695 style-local-6097-c2 position-relative\">\r\n    <!---->\r\n    <!---->\r\n    <div class=\"h-separator\" style=\"height: 150px; bottom: calc(-1px);\">\r\n      <svg style=\"fill:rgb(255, 239, 213);transform:rotateX(180deg);\" xmlns=\"http:\/\/www.w3.org\/2000\/svg\" viewbox=\"0 0 423.98 306.76\" preserveaspectratio=\"xMaxYMin meet\">\r\n        <path d=\"M424,0V306.76C373.23,145.82,244.5,0,0,0Z\" transform=\"translate(0)\"><\/path>\r\n      <\/svg>\r\n    <\/div>\r\n    <div class=\"h-section-grid-container h-section-boxed-container\">\r\n      <!---->\r\n      <div data-colibri-id=\"6097-c3\" class=\"h-row-container gutters-row-lg-2 gutters-row-md-2 gutters-row-0 gutters-row-v-lg-2 gutters-row-v-md-2 gutters-row-v-2 style-1696 style-local-6097-c3 position-relative\">\r\n        <!---->\r\n        <div class=\"h-row justify-content-lg-center justify-content-md-center justify-content-center align-items-lg-stretch align-items-md-stretch align-items-stretch gutters-col-lg-2 gutters-col-md-2 gutters-col-0 gutters-col-v-lg-2 gutters-col-v-md-2 gutters-col-v-2\">\r\n          <!---->\r\n          <div class=\"h-column h-column-container d-flex h-col-lg-auto h-col-md-auto h-col-auto style-1697-outer style-local-6097-c4-outer\">\r\n            <div data-colibri-id=\"6097-c4\" class=\"d-flex h-flex-basis h-column__inner h-px-lg-2 h-px-md-2 h-px-2 v-inner-lg-2 v-inner-md-2 v-inner-2 style-1697 style-local-6097-c4 position-relative\">\r\n              <!---->\r\n              <!---->\r\n              <div class=\"w-100 h-y-container h-column__content h-column__v-align flex-basis-100 align-self-lg-start align-self-md-start align-self-start\">\r\n                <!---->\r\n                <div data-colibri-id=\"6097-c5\" class=\"h-global-transition-all h-heading style-1698 style-local-6097-c5 position-relative h-element\">\r\n                  <!---->\r\n                  <div class=\"h-heading__outer style-1698 style-local-6097-c5\">\r\n                    <!---->\r\n                    <!---->\r\n                    <h6 class=\"\">BUDGET<\/h6>\r\n                  <\/div>\r\n                <\/div>\r\n                <div data-colibri-id=\"6097-c6\" class=\"h-global-transition-all h-heading style-1699 style-local-6097-c6 position-relative h-element\">\r\n                  <!---->\r\n                  <div class=\"h-heading__outer style-1699 style-local-6097-c6\">\r\n                    <!---->\r\n                    <!---->\r\n                    <h1 class=\"\">What can we do for you today?<\/h1>\r\n                  <\/div>\r\n                <\/div>\r\n              <\/div>\r\n            <\/div>\r\n          <\/div>\r\n        <\/div>\r\n      <\/div>\r\n    <\/div>\r\n  <\/div>\r\n  <div data-colibri-component=\"section\" data-colibri-id=\"6097-c7\" id=\"posisions-available\" class=\"h-section h-section-global-spacing d-flex align-items-lg-center align-items-md-center align-items-center style-1731 style-local-6097-c7 position-relative\">\r\n    <!---->\r\n    <div class=\"h-separator\" style=\"height: 150px; top: calc(-1px);\">\r\n      <svg style=\"fill:rgb(132, 83, 251);\" xmlns=\"http:\/\/www.w3.org\/2000\/svg\" viewbox=\"0 0 423.98 306.76\" preserveaspectratio=\"xMinYMin meet\">\r\n        <path d=\"M0,0V306.76C50.75,145.82,179.48,0,424,0Z\" transform=\"translate(0)\"><\/path>\r\n      <\/svg>\r\n    <\/div>\r\n    <div class=\"h-separator\" style=\"height: 150px; bottom: calc(-1px);\">\r\n      <svg style=\"fill:rgb(0, 0, 0);transform:rotateX(180deg);\" xmlns=\"http:\/\/www.w3.org\/2000\/svg\" viewbox=\"0 0 423.98 306.76\" preserveaspectratio=\"xMaxYMin meet\">\r\n        <path d=\"M424,0V306.76C373.23,145.82,244.5,0,0,0Z\" transform=\"translate(0)\"><\/path>\r\n      <\/svg>\r\n    <\/div>\r\n    <div class=\"h-section-grid-container h-section-boxed-container\">\r\n      <!---->\r\n      <div data-colibri-id=\"6097-c8\" class=\"h-row-container gutters-row-lg-2 gutters-row-md-2 gutters-row-2 gutters-row-v-lg-2 gutters-row-v-md-2 gutters-row-v-2 style-1732 style-local-6097-c8 position-relative\">\r\n        <!---->\r\n        <div class=\"h-row justify-content-lg-center justify-content-md-center justify-content-center align-items-lg-stretch align-items-md-stretch align-items-stretch gutters-col-lg-2 gutters-col-md-2 gutters-col-2 gutters-col-v-lg-2 gutters-col-v-md-2 gutters-col-v-2\">\r\n          <!---->\r\n          <div class=\"h-column h-column-container d-flex h-col-lg-auto h-col-md-auto h-col-auto style-1733-outer style-local-6097-c9-outer\">\r\n            <div data-colibri-id=\"6097-c9\" class=\"d-flex h-flex-basis h-column__inner h-px-lg-2 h-px-md-2 h-px-2 v-inner-lg-2 v-inner-md-2 v-inner-2 style-1733 style-local-6097-c9 position-relative\">\r\n              <!---->\r\n              <!---->\r\n              <div class=\"w-100 h-y-container h-column__content h-column__v-align flex-basis-100 align-self-lg-start align-self-md-start align-self-start\">\r\n                <!---->\r\n                <div data-colibri-id=\"6097-c10\" class=\"h-global-transition-all h-heading style-1734 style-local-6097-c10 position-relative h-element\">\r\n                  <!---->\r\n                  <div class=\"h-heading__outer style-1734 style-local-6097-c10\">\r\n                    <!---->\r\n                    <!---->\r\n                    <h3 class=\"\">Come be part of the Elite!<\/h3>\r\n                  <\/div>\r\n                <\/div>\r\n                <div data-colibri-id=\"6097-c11\" class=\"h-text h-text-component style-1735 style-local-6097-c11 position-relative h-element\">\r\n                  <!---->\r\n                  <!---->\r\n                  <div class=\"\">\r\n                    <p>Fill out the form below and we will contact you as soon as possible to start the registration revolution in your online store.<\/p>\r\n                  <\/div>\r\n                <\/div>\r\n              <\/div>\r\n            <\/div>\r\n          <\/div>\r\n          <div class=\"h-column h-column-container d-flex h-col-lg-auto h-col-md-auto h-col-auto style-1736-outer style-local-6097-c12-outer\">\r\n            <div data-colibri-id=\"6097-c12\" class=\"d-flex h-flex-basis h-column__inner h-px-lg-2 h-px-md-2 h-px-2 v-inner-lg-2 v-inner-md-2 v-inner-2 style-1736 style-local-6097-c12 position-relative\">\r\n              <!---->\r\n              <!---->\r\n              <div class=\"w-100 h-y-container h-column__content h-column__v-align flex-basis-100 align-self-lg-start align-self-md-start align-self-start\">\r\n                <!---->\r\n                <div data-colibri-id=\"6097-c13\" class=\"style-1737 style-local-6097-c13 position-relative h-element\">\r\n                  <!---->\r\n                  <div class=\"\">\r\n                    <iframe loading=\"lazy\" class=\"clickup-embed clickup-dynamic-height\" src=\"https:\/\/forms.clickup.com\/9007139144\/f\/8cdw2a8-18113\/SN38CL50QQ8KG5LT44\" onwheel=\"\" width=\"100%\" height=\"100%\" style=\"background: transparent; border: 1px solid #ccc;\"><\/iframe>\r\n                    <script async=\"\" src=\"https:\/\/app-cdn.clickup.com\/assets\/js\/forms-embed\/v1.js\"><\/script>\r\n                  <\/div>\r\n                <\/div>\r\n              <\/div>\r\n            <\/div>\r\n          <\/div>\r\n        <\/div>\r\n      <\/div>\r\n    <\/div>\r\n  <\/div>\r\n  <div data-colibri-component=\"section\" data-colibri-id=\"6097-c14\" id=\"reusable-sections-2\" class=\"h-section h-section-global-spacing d-flex align-items-lg-center align-items-md-center align-items-center style-1742 style-local-6097-c14 position-relative\">\r\n    <!---->\r\n    <div class=\"h-separator\" style=\"height: 150px; top: calc(-1px);\">\r\n      <svg style=\"fill:rgb(255, 239, 213);\" xmlns=\"http:\/\/www.w3.org\/2000\/svg\" viewbox=\"0 0 423.98 306.76\" preserveaspectratio=\"xMinYMin meet\">\r\n        <path d=\"M0,0V306.76C50.75,145.82,179.48,0,424,0Z\" transform=\"translate(0)\"><\/path>\r\n      <\/svg>\r\n    <\/div>\r\n    <div class=\"h-section-grid-container h-section-boxed-container\">\r\n      <!---->\r\n      <div data-colibri-id=\"6097-c15\" class=\"h-row-container gutters-row-lg-0 gutters-row-md-0 gutters-row-0 gutters-row-v-lg-0 gutters-row-v-md-0 gutters-row-v-0 style-1743 style-local-6097-c15 position-relative\">\r\n        <!---->\r\n        <div class=\"h-row justify-content-lg-center justify-content-md-center justify-content-center align-items-lg-stretch align-items-md-stretch align-items-stretch gutters-col-lg-0 gutters-col-md-0 gutters-col-0 gutters-col-v-lg-0 gutters-col-v-md-0 gutters-col-v-0\">\r\n          <!---->\r\n          <div class=\"h-column h-column-container d-flex h-col-lg-auto h-col-md-auto h-col-auto style-1744-outer style-local-6097-c16-outer\">\r\n            <div data-colibri-id=\"6097-c16\" class=\"d-flex h-flex-basis h-column__inner h-ui-empty-state-container h-px-lg-3 h-px-md-3 h-px-3 v-inner-lg-3 v-inner-md-3 v-inner-3 style-1744 style-local-6097-c16 position-relative\">\r\n              <!---->\r\n              <!---->\r\n              <div class=\"w-100 h-y-container h-column__content h-column__v-align flex-basis-100\">\r\n                <!---->\r\n              <\/div>\r\n            <\/div>\r\n          <\/div>\r\n        <\/div>\r\n      <\/div>\r\n    <\/div>\r\n  <\/div>\r\n<\/div>","protected":false},"excerpt":{"rendered":"<p>OR\u00c7AMENTO O que podemos fazer por voc\u00ea hoje? Vem fazer parte da Elite! Preencha o formul\u00e1rio ao lado e entraremos em contato o quanto antes para iniciarmos a revolu\u00e7\u00e3o dos cadastros na sua loja virtual.<\/p>","protected":false},"author":6,"featured_media":0,"parent":0,"menu_order":0,"comment_status":"closed","ping_status":"closed","template":"page-templates\/full-width-page.php","meta":{"footnotes":""},"class_list":["post-6097","page","type-page","status-publish","hentry"],"aioseo_notices":[],"_links":{"self":[{"href":"https:\/\/ecadastros.com.br\/en\/wp-json\/wp\/v2\/pages\/6097","targetHints":{"allow":["GET"]}}],"collection":[{"href":"https:\/\/ecadastros.com.br\/en\/wp-json\/wp\/v2\/pages"}],"about":[{"href":"https:\/\/ecadastros.com.br\/en\/wp-json\/wp\/v2\/types\/page"}],"author":[{"embeddable":true,"href":"https:\/\/ecadastros.com.br\/en\/wp-json\/wp\/v2\/users\/6"}],"replies":[{"embeddable":true,"href":"https:\/\/ecadastros.com.br\/en\/wp-json\/wp\/v2\/comments?post=6097"}],"version-history":[{"count":3,"href":"https:\/\/ecadastros.com.br\/en\/wp-json\/wp\/v2\/pages\/6097\/revisions"}],"predecessor-version":[{"id":6253,"href":"https:\/\/ecadastros.com.br\/en\/wp-json\/wp\/v2\/pages\/6097\/revisions\/6253"}],"wp:attachment":[{"href":"https:\/\/ecadastros.com.br\/en\/wp-json\/wp\/v2\/media?parent=6097"}],"curies":[{"name":"wp","href":"https:\/\/api.w.org\/{rel}","templated":true}]}}